{"id":284,"date":"2021-06-24T17:30:40","date_gmt":"2021-06-24T20:30:40","guid":{"rendered":"https:\/\/ingelco.com.ar\/?page_id=284"},"modified":"2021-07-21T13:49:27","modified_gmt":"2021-07-21T16:49:27","slug":"quienes-somos","status":"publish","type":"page","link":"https:\/\/ingelco.com.ar\/index.php\/quienes-somos\/","title":{"rendered":"Quienes somos"},"content":{"rendered":"\t\t<div data-elementor-type=\"wp-page\" data-elementor-id=\"284\" class=\"elementor elementor-284\" data-elementor-settings=\"[]\">\n\t\t\t\t\t\t\t<div class=\"elementor-section-wrap\">\n\t\t\t\t\t\t\t<section class=\"elementor-section elementor-top-section elementor-element elementor-element-32ef6c5f elementor-section-boxed elementor-section-height-default elementor-section-height-default\" data-id=\"32ef6c5f\" data-element_type=\"section\">\n\t\t\t\t\t\t<div class=\"elementor-container elementor-column-gap-default\">\n\t\t\t\t\t<div class=\"elementor-column elementor-col-100 elementor-top-column elementor-element elementor-element-72cde053\" data-id=\"72cde053\" data-element_type=\"column\">\n\t\t\t<div class=\"elementor-widget-wrap elementor-element-populated\">\n\t\t\t\t\t\t\t\t<div class=\"elementor-element elementor-element-b0b207b elementor-widget elementor-widget-heading\" data-id=\"b0b207b\" data-element_type=\"widget\" data-widget_type=\"heading.default\">\n\t\t\t\t<div class=\"elementor-widget-container\">\n\t\t\t<h2 class=\"elementor-heading-title elementor-size-default\">Ingelco S.R.L<\/h2>\t\t<\/div>\n\t\t\t\t<\/div>\n\t\t\t\t\t<\/div>\n\t\t<\/div>\n\t\t\t\t\t\t\t<\/div>\n\t\t<\/section>\n\t\t\t\t<section class=\"elementor-section elementor-top-section elementor-element elementor-element-a271c8f elementor-section-boxed elementor-section-height-default elementor-section-height-default\" data-id=\"a271c8f\" data-element_type=\"section\">\n\t\t\t\t\t\t<div class=\"elementor-container elementor-column-gap-default\">\n\t\t\t\t\t<div class=\"elementor-column elementor-col-100 elementor-top-column elementor-element elementor-element-8ecb579\" data-id=\"8ecb579\" data-element_type=\"column\">\n\t\t\t<div class=\"elementor-widget-wrap elementor-element-populated\">\n\t\t\t\t\t\t\t\t<div class=\"elementor-element elementor-element-b9a9cd2 elementor-widget elementor-widget-text-editor\" data-id=\"b9a9cd2\" data-element_type=\"widget\" data-widget_type=\"text-editor.default\">\n\t\t\t\t<div class=\"elementor-widget-container\">\n\t\t\t\t\t\t\t<p style=\"text-align: center;\">Una empresa argentina formada por profesionales comprometidos con el servicio al cliente.<\/p>\n<p>Nace de los crecientes negocios que se inician en el a\u00f1o 1991 en el \u00e1rea de las comunicaciones, desde los antiguos equipos de radio hasta los nodos actuales en diversas tecnolog\u00edas.<\/p>\n<p>Actualmente contamos entre nuestros clientes a compa\u00f1\u00edas que lideran el mercado brindando soluciones a empresas de comunicaciones como AMX S.A. (Claro), Telecom Argentina S.A., Arsat, Telef\u00f3nica de Argentina, Huawei, Alcatel Lucent entre otras.<\/p>\n<p>Iniciamos nuestros trabajos con la instalaci\u00f3n de equipos de radio, pero acompa\u00f1amos la migraci\u00f3n de la tecnolog\u00eda de las comunicaciones trabajando al dia de hoy con tendido y mantenimiento de redes de fibra \u00f3ptica urbanas e interurbanas, FTTH, FTTN, instalaci\u00f3n de nodos de acceso, mantenimiento de cadenas de DWDM, SDH, sitios de comunicaciones, trabajos de ingenier\u00eda el\u00e9ctrica o electr\u00f3nica y de obra civil asociados a los mismos.<\/p>\t\t\t\t\t\t<\/div>\n\t\t\t\t<\/div>\n\t\t\t\t<div class=\"elementor-element elementor-element-d1aa51a elementor-widget elementor-widget-heading\" data-id=\"d1aa51a\" data-element_type=\"widget\" data-widget_type=\"heading.default\">\n\t\t\t\t<div class=\"elementor-widget-container\">\n\t\t\t<h2 class=\"elementor-heading-title elementor-size-default\">Nuestra experiencia<\/h2>\t\t<\/div>\n\t\t\t\t<\/div>\n\t\t\t\t<div class=\"elementor-element elementor-element-2a31629 elementor-widget elementor-widget-text-editor\" data-id=\"2a31629\" data-element_type=\"widget\" data-widget_type=\"text-editor.default\">\n\t\t\t\t<div class=\"elementor-widget-container\">\n\t\t\t\t\t\t\t<p><\/p>\n<p>Contamos con una experiencia de mas de 20 a\u00f1os en el sector de las comunicaciones. Tenemos el instrumental y los recursos necesarios para brindar la soluci\u00f3n y experiencia que mejor se adapte a su requerimiento.<\/p>\n<p>Iniciamos actividades con los equipos de VHF\/UHF y crecimos acompa\u00f1ando los cambios tecnol\u00f3gicos, llegando al dia de hoy a proyectar y montar redes de fibra al hogar, redes de fibra \u00f3ptica de corta y de larga distancia para empresas de comunicaciones. Trabajamos brind\u00e1ndole servicios a los operadores de telecomunicaciones de la regi\u00f3n.<\/p>\n<p>Realizamos trabajos de electricidad de baja tensi\u00f3n, tanto proyectos como ejecuci\u00f3n de obras para cumplir con la reglamentaci\u00f3n de la AEA. Dentro del rubro el\u00e9ctrico realizamos repotenciaci\u00f3n, c\u00e1lculos de iluminaci\u00f3n, armado de tableros.<\/p>\n<p>Ejecutamos puestas a tierra para diferentes estructuras, desde el pararrayos hasta las mallas de tierra, con todas las vinculaciones necesarias para contar con un sistema efectivo a la hora de que el sistema soporte las descargas atmotsfericas.<\/p>\n<p>Armamos redes de datos con cable UTP,\u00a0 fibra \u00f3ptica o por enlaces radioel\u00e9ctricos.<\/p>\n<p>Brindamos soporte y realizamos trabajos a empresas de televisi\u00f3n por cable.<\/p>\n<p>Contamos con una larga lista de clientes que nos encomendaron gestiones ante los organismos de control del espectro de radiofrecuencias, presentando carpetas t\u00e9cnicas ante Enacom (Ex CNC y Afsca)<\/p>\t\t\t\t\t\t<\/div>\n\t\t\t\t<\/div>\n\t\t\t\t<div class=\"elementor-element elementor-element-3e112a6d elementor-widget elementor-widget-text-editor\" data-id=\"3e112a6d\" data-element_type=\"widget\" data-widget_type=\"text-editor.default\">\n\t\t\t\t<div class=\"elementor-widget-container\">\n\t\t\t\t\t\t\t\t\t\t\t\t\t<\/div>\n\t\t\t\t<\/div>\n\t\t\t\t\t<\/div>\n\t\t<\/div>\n\t\t\t\t\t\t\t<\/div>\n\t\t<\/section>\n\t\t\t\t\t\t<\/div>\n\t\t\t\t\t<\/div>\n\t\t","protected":false},"excerpt":{"rendered":"<p>Ingelco S.R.L Una empresa argentina formada por profesionales comprometidos con el servicio al cliente. Nace de los crecientes negocios que se inician en el a\u00f1o 1991 en el \u00e1rea de las comunicaciones, desde los antiguos equipos de radio hasta los nodos actuales en diversas tecnolog\u00edas. Actualmente contamos entre nuestros clientes [&hellip;]<\/p>\n","protected":false},"author":1,"featured_media":0,"parent":0,"menu_order":0,"comment_status":"closed","ping_status":"closed","template":"","meta":{"footnotes":""},"class_list":["post-284","page","type-page","status-publish","hentry"],"yoast_head":"<!-- This site is optimized with the Yoast SEO plugin v17.4 - https:\/\/yoast.com\/wordpress\/plugins\/seo\/ -->\n<title>Quienes somos - Ingelco<\/title>\n<meta name=\"robots\" content=\"index, follow, max-snippet:-1, max-image-preview:large, max-video-preview:-1\" \/>\n<link rel=\"canonical\" href=\"https:\/\/ingelco.com.ar\/index.php\/quienes-somos\/\" \/>\n<meta property=\"og:locale\" content=\"es_ES\" \/>\n<meta property=\"og:type\" content=\"article\" \/>\n<meta property=\"og:title\" content=\"Quienes somos - Ingelco\" \/>\n<meta property=\"og:description\" content=\"Ingelco S.R.L Una empresa argentina formada por profesionales comprometidos con el servicio al cliente. Nace de los crecientes negocios que se inician en el a\u00f1o 1991 en el \u00e1rea de las comunicaciones, desde los antiguos equipos de radio hasta los nodos actuales en diversas tecnolog\u00edas. Actualmente contamos entre nuestros clientes [&hellip;]\" \/>\n<meta property=\"og:url\" content=\"https:\/\/ingelco.com.ar\/index.php\/quienes-somos\/\" \/>\n<meta property=\"og:site_name\" content=\"Ingelco\" \/>\n<meta property=\"article:modified_time\" content=\"2021-07-21T16:49:27+00:00\" \/>\n<meta name=\"twitter:card\" content=\"summary_large_image\" \/>\n<meta name=\"twitter:label1\" content=\"Tiempo de lectura\" \/>\n\t<meta name=\"twitter:data1\" content=\"2 minutos\" \/>\n<script type=\"application\/ld+json\" class=\"yoast-schema-graph\">{\"@context\":\"https:\/\/schema.org\",\"@graph\":[{\"@type\":\"Organization\",\"@id\":\"https:\/\/ingelco.com.ar\/#organization\",\"name\":\"Ingelco S.R.L.\",\"url\":\"https:\/\/ingelco.com.ar\/\",\"sameAs\":[],\"logo\":{\"@type\":\"ImageObject\",\"@id\":\"https:\/\/ingelco.com.ar\/#logo\",\"inLanguage\":\"es-AR\",\"url\":\"https:\/\/ingelco.com.ar\/wp-content\/uploads\/2021\/07\/logorojo1.jpg\",\"contentUrl\":\"https:\/\/ingelco.com.ar\/wp-content\/uploads\/2021\/07\/logorojo1.jpg\",\"width\":80,\"height\":68,\"caption\":\"Ingelco S.R.L.\"},\"image\":{\"@id\":\"https:\/\/ingelco.com.ar\/#logo\"}},{\"@type\":\"WebSite\",\"@id\":\"https:\/\/ingelco.com.ar\/#website\",\"url\":\"https:\/\/ingelco.com.ar\/\",\"name\":\"Ingelco\",\"description\":\"Ingenier\\u00eda El\\u00e9ctrica y Telecomunicaciones\",\"publisher\":{\"@id\":\"https:\/\/ingelco.com.ar\/#organization\"},\"potentialAction\":[{\"@type\":\"SearchAction\",\"target\":{\"@type\":\"EntryPoint\",\"urlTemplate\":\"https:\/\/ingelco.com.ar\/?s={search_term_string}\"},\"query-input\":\"required name=search_term_string\"}],\"inLanguage\":\"es-AR\"},{\"@type\":\"WebPage\",\"@id\":\"https:\/\/ingelco.com.ar\/index.php\/quienes-somos\/#webpage\",\"url\":\"https:\/\/ingelco.com.ar\/index.php\/quienes-somos\/\",\"name\":\"Quienes somos - Ingelco\",\"isPartOf\":{\"@id\":\"https:\/\/ingelco.com.ar\/#website\"},\"datePublished\":\"2021-06-24T20:30:40+00:00\",\"dateModified\":\"2021-07-21T16:49:27+00:00\",\"breadcrumb\":{\"@id\":\"https:\/\/ingelco.com.ar\/index.php\/quienes-somos\/#breadcrumb\"},\"inLanguage\":\"es-AR\",\"potentialAction\":[{\"@type\":\"ReadAction\",\"target\":[\"https:\/\/ingelco.com.ar\/index.php\/quienes-somos\/\"]}]},{\"@type\":\"BreadcrumbList\",\"@id\":\"https:\/\/ingelco.com.ar\/index.php\/quienes-somos\/#breadcrumb\",\"itemListElement\":[{\"@type\":\"ListItem\",\"position\":1,\"name\":\"Inicio\",\"item\":\"https:\/\/ingelco.com.ar\/\"},{\"@type\":\"ListItem\",\"position\":2,\"name\":\"Quienes somos\"}]}]}<\/script>\n<!-- \/ Yoast SEO plugin. -->","yoast_head_json":{"title":"Quienes somos - Ingelco","robots":{"index":"index","follow":"follow","max-snippet":"max-snippet:-1","max-image-preview":"max-image-preview:large","max-video-preview":"max-video-preview:-1"},"canonical":"https:\/\/ingelco.com.ar\/index.php\/quienes-somos\/","og_locale":"es_ES","og_type":"article","og_title":"Quienes somos - Ingelco","og_description":"Ingelco S.R.L Una empresa argentina formada por profesionales comprometidos con el servicio al cliente. Nace de los crecientes negocios que se inician en el a\u00f1o 1991 en el \u00e1rea de las comunicaciones, desde los antiguos equipos de radio hasta los nodos actuales en diversas tecnolog\u00edas. Actualmente contamos entre nuestros clientes [&hellip;]","og_url":"https:\/\/ingelco.com.ar\/index.php\/quienes-somos\/","og_site_name":"Ingelco","article_modified_time":"2021-07-21T16:49:27+00:00","twitter_card":"summary_large_image","twitter_misc":{"Tiempo de lectura":"2 minutos"},"schema":{"@context":"https:\/\/schema.org","@graph":[{"@type":"Organization","@id":"https:\/\/ingelco.com.ar\/#organization","name":"Ingelco S.R.L.","url":"https:\/\/ingelco.com.ar\/","sameAs":[],"logo":{"@type":"ImageObject","@id":"https:\/\/ingelco.com.ar\/#logo","inLanguage":"es-AR","url":"https:\/\/ingelco.com.ar\/wp-content\/uploads\/2021\/07\/logorojo1.jpg","contentUrl":"https:\/\/ingelco.com.ar\/wp-content\/uploads\/2021\/07\/logorojo1.jpg","width":80,"height":68,"caption":"Ingelco S.R.L."},"image":{"@id":"https:\/\/ingelco.com.ar\/#logo"}},{"@type":"WebSite","@id":"https:\/\/ingelco.com.ar\/#website","url":"https:\/\/ingelco.com.ar\/","name":"Ingelco","description":"Ingenier\u00eda El\u00e9ctrica y Telecomunicaciones","publisher":{"@id":"https:\/\/ingelco.com.ar\/#organization"},"potentialAction":[{"@type":"SearchAction","target":{"@type":"EntryPoint","urlTemplate":"https:\/\/ingelco.com.ar\/?s={search_term_string}"},"query-input":"required name=search_term_string"}],"inLanguage":"es-AR"},{"@type":"WebPage","@id":"https:\/\/ingelco.com.ar\/index.php\/quienes-somos\/#webpage","url":"https:\/\/ingelco.com.ar\/index.php\/quienes-somos\/","name":"Quienes somos - Ingelco","isPartOf":{"@id":"https:\/\/ingelco.com.ar\/#website"},"datePublished":"2021-06-24T20:30:40+00:00","dateModified":"2021-07-21T16:49:27+00:00","breadcrumb":{"@id":"https:\/\/ingelco.com.ar\/index.php\/quienes-somos\/#breadcrumb"},"inLanguage":"es-AR","potentialAction":[{"@type":"ReadAction","target":["https:\/\/ingelco.com.ar\/index.php\/quienes-somos\/"]}]},{"@type":"BreadcrumbList","@id":"https:\/\/ingelco.com.ar\/index.php\/quienes-somos\/#breadcrumb","itemListElement":[{"@type":"ListItem","position":1,"name":"Inicio","item":"https:\/\/ingelco.com.ar\/"},{"@type":"ListItem","position":2,"name":"Quienes somos"}]}]}},"_links":{"self":[{"href":"https:\/\/ingelco.com.ar\/index.php\/wp-json\/wp\/v2\/pages\/284","targetHints":{"allow":["GET"]}}],"collection":[{"href":"https:\/\/ingelco.com.ar\/index.php\/wp-json\/wp\/v2\/pages"}],"about":[{"href":"https:\/\/ingelco.com.ar\/index.php\/wp-json\/wp\/v2\/types\/page"}],"author":[{"embeddable":true,"href":"https:\/\/ingelco.com.ar\/index.php\/wp-json\/wp\/v2\/users\/1"}],"replies":[{"embeddable":true,"href":"https:\/\/ingelco.com.ar\/index.php\/wp-json\/wp\/v2\/comments?post=284"}],"version-history":[{"count":16,"href":"https:\/\/ingelco.com.ar\/index.php\/wp-json\/wp\/v2\/pages\/284\/revisions"}],"predecessor-version":[{"id":602,"href":"https:\/\/ingelco.com.ar\/index.php\/wp-json\/wp\/v2\/pages\/284\/revisions\/602"}],"wp:attachment":[{"href":"https:\/\/ingelco.com.ar\/index.php\/wp-json\/wp\/v2\/media?parent=284"}],"curies":[{"name":"wp","href":"https:\/\/api.w.org\/{rel}","templated":true}]}}