{"id":14,"date":"2021-06-15T19:31:47","date_gmt":"2021-06-15T22:31:47","guid":{"rendered":"https:\/\/ingelco.com.ar\/?page_id=14"},"modified":"2021-07-21T14:15:07","modified_gmt":"2021-07-21T17:15:07","slug":"contact","status":"publish","type":"page","link":"https:\/\/ingelco.com.ar\/index.php\/contact\/","title":{"rendered":"Contacto"},"content":{"rendered":"\t\t<div data-elementor-type=\"wp-page\" data-elementor-id=\"14\" class=\"elementor elementor-14\" data-elementor-settings=\"[]\">\n\t\t\t\t\t\t\t<div class=\"elementor-section-wrap\">\n\t\t\t\t\t\t\t<section class=\"elementor-section elementor-top-section elementor-element elementor-element-a8bd544 elementor-section-boxed elementor-section-height-default elementor-section-height-default\" data-id=\"a8bd544\" data-element_type=\"section\">\n\t\t\t\t\t\t<div class=\"elementor-container elementor-column-gap-default\">\n\t\t\t\t\t<div class=\"elementor-column elementor-col-100 elementor-top-column elementor-element elementor-element-17a9e1c\" data-id=\"17a9e1c\" data-element_type=\"column\">\n\t\t\t<div class=\"elementor-widget-wrap elementor-element-populated\">\n\t\t\t\t\t\t\t\t<div class=\"elementor-element elementor-element-b4ad905 elementor-widget elementor-widget-content_form_contact\" data-id=\"b4ad905\" data-element_type=\"widget\" data-widget_type=\"content_form_contact.default\">\n\t\t\t\t<div class=\"elementor-widget-container\">\n\t\t\t<form action=\"https:\/\/ingelco.com.ar\/wp-admin\/admin-post.php\" method=\"post\" name=\"content-form-b4ad905\" id=\"content-form-b4ad905\" class=\"ti-cf-module content-form content-form-contact content_form_contact\"><input type=\"hidden\" id=\"_wpnonce_contact\" name=\"_wpnonce_contact\" value=\"5808308ea4\" \/><input type=\"hidden\" name=\"_wp_http_referer\" value=\"\/index.php\/wp-json\/wp\/v2\/pages\/14\" \/><input type=\"hidden\" name=\"action\" value=\"content_form_submit\" \/><input type=\"hidden\" name=\"form-type\" value=\"contact\" \/><input type=\"hidden\" name=\"form-builder\" value=\"elementor\" \/><input type=\"hidden\" name=\"post-id\" value=\"14\" \/><input type=\"hidden\" name=\"form-id\" value=\"b4ad905\" \/><fieldset class=\"content-form-field-text elementor-column elementor-col-100\"><label for=\"data[b4ad905][name]\" >Nombre <span class=\"required-mark\"> *<\/span><\/label><input type=\"text\" name=\"data[b4ad905][name]\" id=\"data[b4ad905][name]\" required=\"required\"  placeholder=\"Nombre\"><\/fieldset><fieldset class=\"content-form-field-email elementor-column elementor-col-100\"><label for=\"data[b4ad905][email]\" >Correo Electr\u00f3nico<span class=\"required-mark\"> *<\/span><\/label><input type=\"text\" name=\"data[b4ad905][email]\" id=\"data[b4ad905][email]\" required=\"required\"  placeholder=\"Correo Electr\u00f3nico\"><\/fieldset><fieldset class=\"content-form-field-number elementor-column elementor-col-100\"><label for=\"data[b4ad905][phone]\" >Tel\u00e9fono<\/label><input type=\"text\" name=\"data[b4ad905][phone]\" id=\"data[b4ad905][phone]\"   placeholder=\"Tel\u00e9fono\"><\/fieldset><fieldset class=\"content-form-field-textarea elementor-column elementor-col-100\"><label for=\"data[b4ad905][message]\" >Consulta<span class=\"required-mark\"> *<\/span><\/label><textarea name=\"data[b4ad905][message]\" id=\"data[b4ad905][message]\"  required=\"required\" placeholder=\"Escriba su consulta...\" cols=\"30\" rows=\"5\"><\/textarea><\/fieldset><fieldset class=\"submit-form contact\"><button type=\"submit\" name=\"submit\"  value=\"submit-contact-b4ad905\" class=\"\">Enviar<\/button><\/fieldset><\/form>\t\t<\/div>\n\t\t\t\t<\/div>\n\t\t\t\t\t<\/div>\n\t\t<\/div>\n\t\t\t\t\t\t\t<\/div>\n\t\t<\/section>\n\t\t\t\t<section class=\"elementor-section elementor-top-section elementor-element elementor-element-1aa14e9 elementor-section-boxed elementor-section-height-default elementor-section-height-default\" data-id=\"1aa14e9\" data-element_type=\"section\">\n\t\t\t\t\t\t<div class=\"elementor-container elementor-column-gap-default\">\n\t\t\t\t\t<div class=\"elementor-column elementor-col-100 elementor-top-column elementor-element elementor-element-8b9048b\" data-id=\"8b9048b\" data-element_type=\"column\">\n\t\t\t<div class=\"elementor-widget-wrap elementor-element-populated\">\n\t\t\t\t\t\t\t\t<section class=\"elementor-section elementor-inner-section elementor-element elementor-element-33e48b4 elementor-section-boxed elementor-section-height-default elementor-section-height-default\" data-id=\"33e48b4\" data-element_type=\"section\">\n\t\t\t\t\t\t<div class=\"elementor-container elementor-column-gap-default\">\n\t\t\t\t\t<div class=\"elementor-column elementor-col-33 elementor-inner-column elementor-element elementor-element-be94740\" data-id=\"be94740\" data-element_type=\"column\">\n\t\t\t<div class=\"elementor-widget-wrap elementor-element-populated\">\n\t\t\t\t\t\t\t\t<div class=\"elementor-element elementor-element-f1068bf elementor-view-default elementor-position-top elementor-vertical-align-top elementor-widget elementor-widget-icon-box\" data-id=\"f1068bf\" data-element_type=\"widget\" data-widget_type=\"icon-box.default\">\n\t\t\t\t<div class=\"elementor-widget-container\">\n\t\t\t\t\t<div class=\"elementor-icon-box-wrapper\">\n\t\t\t\t\t\t<div class=\"elementor-icon-box-icon\">\n\t\t\t\t<span class=\"elementor-icon elementor-animation-\" >\n\t\t\t\t<i aria-hidden=\"true\" class=\"fas fa-map-marked-alt\"><\/i>\t\t\t\t<\/span>\n\t\t\t<\/div>\n\t\t\t\t\t\t<div class=\"elementor-icon-box-content\">\n\t\t\t\t<h3 class=\"elementor-icon-box-title\">\n\t\t\t\t\t<span  >\n\t\t\t\t\t\tDirecci\u00f3n\t\t\t\t\t<\/span>\n\t\t\t\t<\/h3>\n\t\t\t\t\t\t\t\t\t<p class=\"elementor-icon-box-description\">\n\t\t\t\t\t\tPedernera 325 - \nSalta (Capital) - \nArgentina\t\t\t\t\t<\/p>\n\t\t\t\t\t\t\t<\/div>\n\t\t<\/div>\n\t\t\t\t<\/div>\n\t\t\t\t<\/div>\n\t\t\t\t\t<\/div>\n\t\t<\/div>\n\t\t\t\t<div class=\"elementor-column elementor-col-33 elementor-inner-column elementor-element elementor-element-de932ea\" data-id=\"de932ea\" data-element_type=\"column\">\n\t\t\t<div class=\"elementor-widget-wrap elementor-element-populated\">\n\t\t\t\t\t\t\t\t<div class=\"elementor-element elementor-element-d9c441d elementor-view-default elementor-position-top elementor-vertical-align-top elementor-widget elementor-widget-icon-box\" data-id=\"d9c441d\" data-element_type=\"widget\" data-widget_type=\"icon-box.default\">\n\t\t\t\t<div class=\"elementor-widget-container\">\n\t\t\t\t\t<div class=\"elementor-icon-box-wrapper\">\n\t\t\t\t\t\t<div class=\"elementor-icon-box-icon\">\n\t\t\t\t<span class=\"elementor-icon elementor-animation-\" >\n\t\t\t\t<i aria-hidden=\"true\" class=\"fas fa-phone-alt\"><\/i>\t\t\t\t<\/span>\n\t\t\t<\/div>\n\t\t\t\t\t\t<div class=\"elementor-icon-box-content\">\n\t\t\t\t<h3 class=\"elementor-icon-box-title\">\n\t\t\t\t\t<span  >\n\t\t\t\t\t\tContacto telef\u00f3nico\t\t\t\t\t<\/span>\n\t\t\t\t<\/h3>\n\t\t\t\t\t\t\t\t\t<p class=\"elementor-icon-box-description\">\n\t\t\t\t\t\tCel.:  +54 9 387 4104930\t\t\t\t\t<\/p>\n\t\t\t\t\t\t\t<\/div>\n\t\t<\/div>\n\t\t\t\t<\/div>\n\t\t\t\t<\/div>\n\t\t\t\t\t<\/div>\n\t\t<\/div>\n\t\t\t\t<div class=\"elementor-column elementor-col-33 elementor-inner-column elementor-element elementor-element-f00213f\" data-id=\"f00213f\" data-element_type=\"column\">\n\t\t\t<div class=\"elementor-widget-wrap elementor-element-populated\">\n\t\t\t\t\t\t\t\t<div class=\"elementor-element elementor-element-2093ef8 elementor-view-default elementor-position-top elementor-vertical-align-top elementor-widget elementor-widget-icon-box\" data-id=\"2093ef8\" data-element_type=\"widget\" data-widget_type=\"icon-box.default\">\n\t\t\t\t<div class=\"elementor-widget-container\">\n\t\t\t\t\t<div class=\"elementor-icon-box-wrapper\">\n\t\t\t\t\t\t<div class=\"elementor-icon-box-icon\">\n\t\t\t\t<span class=\"elementor-icon elementor-animation-\" >\n\t\t\t\t<i aria-hidden=\"true\" class=\"fas fa-envelope-open-text\"><\/i>\t\t\t\t<\/span>\n\t\t\t<\/div>\n\t\t\t\t\t\t<div class=\"elementor-icon-box-content\">\n\t\t\t\t<h3 class=\"elementor-icon-box-title\">\n\t\t\t\t\t<span  >\n\t\t\t\t\t\tCorreo electr\u00f3nico\t\t\t\t\t<\/span>\n\t\t\t\t<\/h3>\n\t\t\t\t\t\t\t\t\t<p class=\"elementor-icon-box-description\">\n\t\t\t\t\t\tinfo@ingelco.com.ar\t\t\t\t\t<\/p>\n\t\t\t\t\t\t\t<\/div>\n\t\t<\/div>\n\t\t\t\t<\/div>\n\t\t\t\t<\/div>\n\t\t\t\t\t<\/div>\n\t\t<\/div>\n\t\t\t\t\t\t\t<\/div>\n\t\t<\/section>\n\t\t\t\t\t<\/div>\n\t\t<\/div>\n\t\t\t\t\t\t\t<\/div>\n\t\t<\/section>\n\t\t\t\t\t\t<\/div>\n\t\t\t\t\t<\/div>\n\t\t","protected":false},"excerpt":{"rendered":"<p>Nombre * Correo Electr\u00f3nico * Tel\u00e9fono Consulta * Enviar Direcci\u00f3n Pedernera 325 &#8211; Salta (Capital) &#8211; Argentina Contacto telef\u00f3nico Cel.: +54 9 387 4104930 Correo electr\u00f3nico info@ingelco.com.ar<\/p>\n","protected":false},"author":1,"featured_media":0,"parent":0,"menu_order":0,"comment_status":"closed","ping_status":"closed","template":"page-templates\/template-pagebuilder-full-width.php","meta":{"footnotes":""},"class_list":["post-14","page","type-page","status-publish","hentry"],"yoast_head":"<!-- This site is optimized with the Yoast SEO plugin v17.4 - https:\/\/yoast.com\/wordpress\/plugins\/seo\/ -->\n<title>Contacto - Ingelco<\/title>\n<meta name=\"robots\" content=\"index, follow, max-snippet:-1, max-image-preview:large, max-video-preview:-1\" \/>\n<link rel=\"canonical\" href=\"https:\/\/ingelco.com.ar\/index.php\/contact\/\" \/>\n<meta property=\"og:locale\" content=\"es_ES\" \/>\n<meta property=\"og:type\" content=\"article\" \/>\n<meta property=\"og:title\" content=\"Contacto - Ingelco\" \/>\n<meta property=\"og:description\" content=\"Nombre * Correo Electr\u00f3nico * Tel\u00e9fono Consulta * Enviar Direcci\u00f3n Pedernera 325 &#8211; Salta (Capital) &#8211; Argentina Contacto telef\u00f3nico Cel.: +54 9 387 4104930 Correo electr\u00f3nico info@ingelco.com.ar\" \/>\n<meta property=\"og:url\" content=\"https:\/\/ingelco.com.ar\/index.php\/contact\/\" \/>\n<meta property=\"og:site_name\" content=\"Ingelco\" \/>\n<meta property=\"article:modified_time\" content=\"2021-07-21T17:15:07+00:00\" \/>\n<meta name=\"twitter:card\" content=\"summary_large_image\" \/>\n<script type=\"application\/ld+json\" class=\"yoast-schema-graph\">{\"@context\":\"https:\/\/schema.org\",\"@graph\":[{\"@type\":\"Organization\",\"@id\":\"https:\/\/ingelco.com.ar\/#organization\",\"name\":\"Ingelco S.R.L.\",\"url\":\"https:\/\/ingelco.com.ar\/\",\"sameAs\":[],\"logo\":{\"@type\":\"ImageObject\",\"@id\":\"https:\/\/ingelco.com.ar\/#logo\",\"inLanguage\":\"es-AR\",\"url\":\"https:\/\/ingelco.com.ar\/wp-content\/uploads\/2021\/07\/logorojo1.jpg\",\"contentUrl\":\"https:\/\/ingelco.com.ar\/wp-content\/uploads\/2021\/07\/logorojo1.jpg\",\"width\":80,\"height\":68,\"caption\":\"Ingelco S.R.L.\"},\"image\":{\"@id\":\"https:\/\/ingelco.com.ar\/#logo\"}},{\"@type\":\"WebSite\",\"@id\":\"https:\/\/ingelco.com.ar\/#website\",\"url\":\"https:\/\/ingelco.com.ar\/\",\"name\":\"Ingelco\",\"description\":\"Ingenier\\u00eda El\\u00e9ctrica y Telecomunicaciones\",\"publisher\":{\"@id\":\"https:\/\/ingelco.com.ar\/#organization\"},\"potentialAction\":[{\"@type\":\"SearchAction\",\"target\":{\"@type\":\"EntryPoint\",\"urlTemplate\":\"https:\/\/ingelco.com.ar\/?s={search_term_string}\"},\"query-input\":\"required name=search_term_string\"}],\"inLanguage\":\"es-AR\"},{\"@type\":\"WebPage\",\"@id\":\"https:\/\/ingelco.com.ar\/index.php\/contact\/#webpage\",\"url\":\"https:\/\/ingelco.com.ar\/index.php\/contact\/\",\"name\":\"Contacto - Ingelco\",\"isPartOf\":{\"@id\":\"https:\/\/ingelco.com.ar\/#website\"},\"datePublished\":\"2021-06-15T22:31:47+00:00\",\"dateModified\":\"2021-07-21T17:15:07+00:00\",\"breadcrumb\":{\"@id\":\"https:\/\/ingelco.com.ar\/index.php\/contact\/#breadcrumb\"},\"inLanguage\":\"es-AR\",\"potentialAction\":[{\"@type\":\"ReadAction\",\"target\":[\"https:\/\/ingelco.com.ar\/index.php\/contact\/\"]}]},{\"@type\":\"BreadcrumbList\",\"@id\":\"https:\/\/ingelco.com.ar\/index.php\/contact\/#breadcrumb\",\"itemListElement\":[{\"@type\":\"ListItem\",\"position\":1,\"name\":\"Inicio\",\"item\":\"https:\/\/ingelco.com.ar\/\"},{\"@type\":\"ListItem\",\"position\":2,\"name\":\"Contacto\"}]}]}<\/script>\n<!-- \/ Yoast SEO plugin. -->","yoast_head_json":{"title":"Contacto - Ingelco","robots":{"index":"index","follow":"follow","max-snippet":"max-snippet:-1","max-image-preview":"max-image-preview:large","max-video-preview":"max-video-preview:-1"},"canonical":"https:\/\/ingelco.com.ar\/index.php\/contact\/","og_locale":"es_ES","og_type":"article","og_title":"Contacto - Ingelco","og_description":"Nombre * Correo Electr\u00f3nico * Tel\u00e9fono Consulta * Enviar Direcci\u00f3n Pedernera 325 &#8211; Salta (Capital) &#8211; Argentina Contacto telef\u00f3nico Cel.: +54 9 387 4104930 Correo electr\u00f3nico info@ingelco.com.ar","og_url":"https:\/\/ingelco.com.ar\/index.php\/contact\/","og_site_name":"Ingelco","article_modified_time":"2021-07-21T17:15:07+00:00","twitter_card":"summary_large_image","schema":{"@context":"https:\/\/schema.org","@graph":[{"@type":"Organization","@id":"https:\/\/ingelco.com.ar\/#organization","name":"Ingelco S.R.L.","url":"https:\/\/ingelco.com.ar\/","sameAs":[],"logo":{"@type":"ImageObject","@id":"https:\/\/ingelco.com.ar\/#logo","inLanguage":"es-AR","url":"https:\/\/ingelco.com.ar\/wp-content\/uploads\/2021\/07\/logorojo1.jpg","contentUrl":"https:\/\/ingelco.com.ar\/wp-content\/uploads\/2021\/07\/logorojo1.jpg","width":80,"height":68,"caption":"Ingelco S.R.L."},"image":{"@id":"https:\/\/ingelco.com.ar\/#logo"}},{"@type":"WebSite","@id":"https:\/\/ingelco.com.ar\/#website","url":"https:\/\/ingelco.com.ar\/","name":"Ingelco","description":"Ingenier\u00eda El\u00e9ctrica y Telecomunicaciones","publisher":{"@id":"https:\/\/ingelco.com.ar\/#organization"},"potentialAction":[{"@type":"SearchAction","target":{"@type":"EntryPoint","urlTemplate":"https:\/\/ingelco.com.ar\/?s={search_term_string}"},"query-input":"required name=search_term_string"}],"inLanguage":"es-AR"},{"@type":"WebPage","@id":"https:\/\/ingelco.com.ar\/index.php\/contact\/#webpage","url":"https:\/\/ingelco.com.ar\/index.php\/contact\/","name":"Contacto - Ingelco","isPartOf":{"@id":"https:\/\/ingelco.com.ar\/#website"},"datePublished":"2021-06-15T22:31:47+00:00","dateModified":"2021-07-21T17:15:07+00:00","breadcrumb":{"@id":"https:\/\/ingelco.com.ar\/index.php\/contact\/#breadcrumb"},"inLanguage":"es-AR","potentialAction":[{"@type":"ReadAction","target":["https:\/\/ingelco.com.ar\/index.php\/contact\/"]}]},{"@type":"BreadcrumbList","@id":"https:\/\/ingelco.com.ar\/index.php\/contact\/#breadcrumb","itemListElement":[{"@type":"ListItem","position":1,"name":"Inicio","item":"https:\/\/ingelco.com.ar\/"},{"@type":"ListItem","position":2,"name":"Contacto"}]}]}},"_links":{"self":[{"href":"https:\/\/ingelco.com.ar\/index.php\/wp-json\/wp\/v2\/pages\/14","targetHints":{"allow":["GET"]}}],"collection":[{"href":"https:\/\/ingelco.com.ar\/index.php\/wp-json\/wp\/v2\/pages"}],"about":[{"href":"https:\/\/ingelco.com.ar\/index.php\/wp-json\/wp\/v2\/types\/page"}],"author":[{"embeddable":true,"href":"https:\/\/ingelco.com.ar\/index.php\/wp-json\/wp\/v2\/users\/1"}],"replies":[{"embeddable":true,"href":"https:\/\/ingelco.com.ar\/index.php\/wp-json\/wp\/v2\/comments?post=14"}],"version-history":[{"count":67,"href":"https:\/\/ingelco.com.ar\/index.php\/wp-json\/wp\/v2\/pages\/14\/revisions"}],"predecessor-version":[{"id":640,"href":"https:\/\/ingelco.com.ar\/index.php\/wp-json\/wp\/v2\/pages\/14\/revisions\/640"}],"wp:attachment":[{"href":"https:\/\/ingelco.com.ar\/index.php\/wp-json\/wp\/v2\/media?parent=14"}],"curies":[{"name":"wp","href":"https:\/\/api.w.org\/{rel}","templated":true}]}}