{"id":13,"date":"2021-06-15T19:31:47","date_gmt":"2021-06-15T22:31:47","guid":{"rendered":"https:\/\/ingelco.com.ar\/?page_id=13"},"modified":"2021-07-20T21:12:38","modified_gmt":"2021-07-21T00:12:38","slug":"home","status":"publish","type":"page","link":"https:\/\/ingelco.com.ar\/","title":{"rendered":"Home"},"content":{"rendered":"\n<div class=\"wp-block-cover alignfull has-white-background-color has-background-dim hestia-clear-top-padding\"><div class=\"wp-block-cover__inner-container is-layout-flow wp-block-cover-is-layout-flow\">\n<div class=\"wp-block-columns is-layout-flex wp-container-core-columns-is-layout-9d6595d7 wp-block-columns-is-layout-flex\"><\/div>\n\n\n\n<h2 class=\"has-text-align-center has-text-color wp-block-heading\" style=\"color:#3c4858\"><a href=\"https:\/\/ingelco.com.ar\/index.php\/pagina-ejemplo\/\" data-type=\"page\" data-id=\"2\">Servicios<\/a><\/h2>\n\n\n\n<div class=\"wp-block-columns container is-layout-flex wp-container-core-columns-is-layout-9d6595d7 wp-block-columns-is-layout-flex\">\n<div class=\"wp-block-column is-layout-flow wp-block-column-is-layout-flow\">\n<div class=\"wp-block-columns is-layout-flex wp-container-core-columns-is-layout-9d6595d7 wp-block-columns-is-layout-flex\">\n<div class=\"wp-block-column is-layout-flow wp-block-column-is-layout-flow\"><\/div>\n\n\n\n<div class=\"wp-block-column is-layout-flow wp-block-column-is-layout-flow\"><\/div>\n<\/div>\n<\/div>\n<\/div>\n\n\n\n<div class=\"wp-block-columns container is-layout-flex wp-container-core-columns-is-layout-9d6595d7 wp-block-columns-is-layout-flex\">\n<div class=\"wp-block-column is-layout-flow wp-block-column-is-layout-flow\">\n<h5 class=\"has-text-align-center has-text-color wp-block-heading\" style=\"color:#3c4858;font-size:18px\">Fibra \u00d3ptica<\/h5>\n\n\n\n<figure class=\"wp-block-gallery aligncenter columns-1 is-cropped wp-block-gallery-1 is-layout-flex wp-block-gallery-is-layout-flex\"><ul class=\"blocks-gallery-grid\"><li class=\"blocks-gallery-item\"><figure><img loading=\"lazy\" decoding=\"async\" width=\"390\" height=\"220\" src=\"https:\/\/ingelco.com.ar\/wp-content\/uploads\/2021\/07\/Servicio-Fibra-Optica-Organizador-2.jpg\" alt=\"\" data-id=\"525\" data-full-url=\"https:\/\/ingelco.com.ar\/wp-content\/uploads\/2021\/07\/Servicio-Fibra-Optica-Organizador-2.jpg\" data-link=\"https:\/\/ingelco.com.ar\/index.php\/home\/servicio-fibra-optica-organizador-2\/\" class=\"wp-image-525\" srcset=\"https:\/\/ingelco.com.ar\/wp-content\/uploads\/2021\/07\/Servicio-Fibra-Optica-Organizador-2.jpg 390w, https:\/\/ingelco.com.ar\/wp-content\/uploads\/2021\/07\/Servicio-Fibra-Optica-Organizador-2-300x169.jpg 300w\" sizes=\"auto, (max-width: 390px) 100vw, 390px\" \/><\/figure><\/li><\/ul><\/figure>\n\n\n\n<p class=\"has-text-align-center has-text-color\" style=\"color:#999999;font-size:14px\">Armado de redes de fibra \u00f3ptica &#8211; Fusi\u00f3n y certificaci\u00f3n &#8211; Reparaciones de emergencia &#8211; Mediciones tendidos &#8211; Obras llave en mano<\/p>\n\n\n\n<p><\/p>\n\n\n\n<p><\/p>\n\n\n\n<div style=\"height:25px\" aria-hidden=\"true\" class=\"wp-block-spacer\"><\/div>\n<\/div>\n\n\n\n<div class=\"wp-block-column is-layout-flow wp-block-column-is-layout-flow\">\n<h5 class=\"has-text-align-center has-text-color wp-block-heading\" style=\"color:#3c4858;font-size:18px\">Comunicaciones<\/h5>\n\n\n\n<figure class=\"wp-block-gallery aligncenter columns-1 is-cropped wp-block-gallery-2 is-layout-flex wp-block-gallery-is-layout-flex\"><ul class=\"blocks-gallery-grid\"><li class=\"blocks-gallery-item\"><figure><img loading=\"lazy\" decoding=\"async\" width=\"390\" height=\"220\" src=\"https:\/\/ingelco.com.ar\/wp-content\/uploads\/2021\/07\/Comunicaciones-Torres-2.jpg\" alt=\"\" data-id=\"524\" data-full-url=\"https:\/\/ingelco.com.ar\/wp-content\/uploads\/2021\/07\/Comunicaciones-Torres-2.jpg\" data-link=\"https:\/\/ingelco.com.ar\/index.php\/home\/comunicaciones-torres-2\/\" class=\"wp-image-524\" srcset=\"https:\/\/ingelco.com.ar\/wp-content\/uploads\/2021\/07\/Comunicaciones-Torres-2.jpg 390w, https:\/\/ingelco.com.ar\/wp-content\/uploads\/2021\/07\/Comunicaciones-Torres-2-300x169.jpg 300w\" sizes=\"auto, (max-width: 390px) 100vw, 390px\" \/><\/figure><\/li><\/ul><\/figure>\n\n\n\n<p class=\"has-text-align-center has-text-color\" style=\"color:#999999;font-size:14px\">Enlaces de datos por cable o aire &#8211; Enlaces de microondas &#8211; Obras civiles &#8211; Mantenimiento de sitios &#8211; FTTh &#8211; Microondas &#8211; NGN &#8211; DWDM<\/p>\n\n\n\n<p><\/p>\n\n\n\n<p><\/p>\n\n\n\n<div style=\"height:25px\" aria-hidden=\"true\" class=\"wp-block-spacer\"><\/div>\n<\/div>\n\n\n\n<div class=\"wp-block-column is-layout-flow wp-block-column-is-layout-flow\">\n<h5 class=\"has-text-align-center has-text-color wp-block-heading\" style=\"color:#3c4858;font-size:18px\">Redes de CATV<\/h5>\n\n\n\n<figure class=\"wp-block-gallery aligncenter columns-1 is-cropped wp-block-gallery-3 is-layout-flex wp-block-gallery-is-layout-flex\"><ul class=\"blocks-gallery-grid\"><li class=\"blocks-gallery-item\"><figure><img loading=\"lazy\" decoding=\"async\" width=\"390\" height=\"220\" src=\"https:\/\/ingelco.com.ar\/wp-content\/uploads\/2021\/07\/Servicio-Redes-CATV-1.jpg\" alt=\"\" data-id=\"526\" data-full-url=\"https:\/\/ingelco.com.ar\/wp-content\/uploads\/2021\/07\/Servicio-Redes-CATV-1.jpg\" data-link=\"https:\/\/ingelco.com.ar\/index.php\/home\/servicio-redes-catv-1\/\" class=\"wp-image-526\" srcset=\"https:\/\/ingelco.com.ar\/wp-content\/uploads\/2021\/07\/Servicio-Redes-CATV-1.jpg 390w, https:\/\/ingelco.com.ar\/wp-content\/uploads\/2021\/07\/Servicio-Redes-CATV-1-300x169.jpg 300w\" sizes=\"auto, (max-width: 390px) 100vw, 390px\" \/><\/figure><\/li><\/ul><\/figure>\n\n\n\n<p class=\"has-text-align-center has-text-color\" style=\"color:#999999;font-size:14px\">Apuntamiento antenas satelitales &#8211; Calibraci\u00f3n de Redes HFC &#8211; Rearmado de cabezales &#8211; Dise\u00f1o y mantenimiento &#8211; Auditor\u00eda de Redes<\/p>\n\n\n\n<p><\/p>\n\n\n\n<div style=\"height:25px\" aria-hidden=\"true\" class=\"wp-block-spacer\"><\/div>\n\n\n\n<p><\/p>\n<\/div>\n<\/div>\n\n\n\n<div style=\"height:40px\" aria-hidden=\"true\" class=\"wp-block-spacer\"><\/div>\n<\/div><\/div>\n\n\n\n<p><\/p>\n","protected":false},"excerpt":{"rendered":"","protected":false},"author":1,"featured_media":198,"parent":0,"menu_order":0,"comment_status":"closed","ping_status":"closed","template":"","meta":{"footnotes":""},"class_list":["post-13","page","type-page","status-publish","has-post-thumbnail","hentry"],"yoast_head":"<!-- This site is optimized with the Yoast SEO plugin v17.4 - https:\/\/yoast.com\/wordpress\/plugins\/seo\/ -->\n<title>Home - Ingelco<\/title>\n<meta name=\"robots\" content=\"index, follow, max-snippet:-1, max-image-preview:large, max-video-preview:-1\" \/>\n<link rel=\"canonical\" href=\"https:\/\/ingelco.com.ar\/\" \/>\n<meta property=\"og:locale\" content=\"es_ES\" \/>\n<meta property=\"og:type\" content=\"article\" \/>\n<meta property=\"og:title\" content=\"Home - Ingelco\" \/>\n<meta property=\"og:url\" content=\"https:\/\/ingelco.com.ar\/\" \/>\n<meta property=\"og:site_name\" content=\"Ingelco\" \/>\n<meta property=\"article:modified_time\" content=\"2021-07-21T00:12:38+00:00\" \/>\n<meta property=\"og:image\" content=\"https:\/\/ingelco.com.ar\/wp-content\/uploads\/2021\/06\/red-informatica-cables1-150x150.jpg\" \/>\n\t<meta property=\"og:image:width\" content=\"150\" \/>\n\t<meta property=\"og:image:height\" content=\"150\" \/>\n<meta name=\"twitter:card\" content=\"summary_large_image\" \/>\n<script type=\"application\/ld+json\" class=\"yoast-schema-graph\">{\"@context\":\"https:\/\/schema.org\",\"@graph\":[{\"@type\":\"Organization\",\"@id\":\"https:\/\/ingelco.com.ar\/#organization\",\"name\":\"Ingelco S.R.L.\",\"url\":\"https:\/\/ingelco.com.ar\/\",\"sameAs\":[],\"logo\":{\"@type\":\"ImageObject\",\"@id\":\"https:\/\/ingelco.com.ar\/#logo\",\"inLanguage\":\"es-AR\",\"url\":\"https:\/\/ingelco.com.ar\/wp-content\/uploads\/2021\/07\/logorojo1.jpg\",\"contentUrl\":\"https:\/\/ingelco.com.ar\/wp-content\/uploads\/2021\/07\/logorojo1.jpg\",\"width\":80,\"height\":68,\"caption\":\"Ingelco S.R.L.\"},\"image\":{\"@id\":\"https:\/\/ingelco.com.ar\/#logo\"}},{\"@type\":\"WebSite\",\"@id\":\"https:\/\/ingelco.com.ar\/#website\",\"url\":\"https:\/\/ingelco.com.ar\/\",\"name\":\"Ingelco\",\"description\":\"Ingenier\\u00eda El\\u00e9ctrica y Telecomunicaciones\",\"publisher\":{\"@id\":\"https:\/\/ingelco.com.ar\/#organization\"},\"potentialAction\":[{\"@type\":\"SearchAction\",\"target\":{\"@type\":\"EntryPoint\",\"urlTemplate\":\"https:\/\/ingelco.com.ar\/?s={search_term_string}\"},\"query-input\":\"required name=search_term_string\"}],\"inLanguage\":\"es-AR\"},{\"@type\":\"ImageObject\",\"@id\":\"https:\/\/ingelco.com.ar\/#primaryimage\",\"inLanguage\":\"es-AR\",\"url\":\"https:\/\/ingelco.com.ar\/wp-content\/uploads\/2021\/06\/red-informatica-cables1-150x150.jpg\",\"contentUrl\":\"https:\/\/ingelco.com.ar\/wp-content\/uploads\/2021\/06\/red-informatica-cables1-150x150.jpg\",\"width\":150,\"height\":150},{\"@type\":\"WebPage\",\"@id\":\"https:\/\/ingelco.com.ar\/#webpage\",\"url\":\"https:\/\/ingelco.com.ar\/\",\"name\":\"Home - Ingelco\",\"isPartOf\":{\"@id\":\"https:\/\/ingelco.com.ar\/#website\"},\"primaryImageOfPage\":{\"@id\":\"https:\/\/ingelco.com.ar\/#primaryimage\"},\"datePublished\":\"2021-06-15T22:31:47+00:00\",\"dateModified\":\"2021-07-21T00:12:38+00:00\",\"breadcrumb\":{\"@id\":\"https:\/\/ingelco.com.ar\/#breadcrumb\"},\"inLanguage\":\"es-AR\",\"potentialAction\":[{\"@type\":\"ReadAction\",\"target\":[\"https:\/\/ingelco.com.ar\/\"]}]},{\"@type\":\"BreadcrumbList\",\"@id\":\"https:\/\/ingelco.com.ar\/#breadcrumb\",\"itemListElement\":[{\"@type\":\"ListItem\",\"position\":1,\"name\":\"Inicio\",\"item\":\"https:\/\/ingelco.com.ar\/\"},{\"@type\":\"ListItem\",\"position\":2,\"name\":\"Home\"}]}]}<\/script>\n<!-- \/ Yoast SEO plugin. -->","yoast_head_json":{"title":"Home - Ingelco","robots":{"index":"index","follow":"follow","max-snippet":"max-snippet:-1","max-image-preview":"max-image-preview:large","max-video-preview":"max-video-preview:-1"},"canonical":"https:\/\/ingelco.com.ar\/","og_locale":"es_ES","og_type":"article","og_title":"Home - Ingelco","og_url":"https:\/\/ingelco.com.ar\/","og_site_name":"Ingelco","article_modified_time":"2021-07-21T00:12:38+00:00","og_image":[{"width":150,"height":150,"url":"https:\/\/ingelco.com.ar\/wp-content\/uploads\/2021\/06\/red-informatica-cables1-150x150.jpg","type":"image\/jpeg"}],"twitter_card":"summary_large_image","schema":{"@context":"https:\/\/schema.org","@graph":[{"@type":"Organization","@id":"https:\/\/ingelco.com.ar\/#organization","name":"Ingelco S.R.L.","url":"https:\/\/ingelco.com.ar\/","sameAs":[],"logo":{"@type":"ImageObject","@id":"https:\/\/ingelco.com.ar\/#logo","inLanguage":"es-AR","url":"https:\/\/ingelco.com.ar\/wp-content\/uploads\/2021\/07\/logorojo1.jpg","contentUrl":"https:\/\/ingelco.com.ar\/wp-content\/uploads\/2021\/07\/logorojo1.jpg","width":80,"height":68,"caption":"Ingelco S.R.L."},"image":{"@id":"https:\/\/ingelco.com.ar\/#logo"}},{"@type":"WebSite","@id":"https:\/\/ingelco.com.ar\/#website","url":"https:\/\/ingelco.com.ar\/","name":"Ingelco","description":"Ingenier\u00eda El\u00e9ctrica y Telecomunicaciones","publisher":{"@id":"https:\/\/ingelco.com.ar\/#organization"},"potentialAction":[{"@type":"SearchAction","target":{"@type":"EntryPoint","urlTemplate":"https:\/\/ingelco.com.ar\/?s={search_term_string}"},"query-input":"required name=search_term_string"}],"inLanguage":"es-AR"},{"@type":"ImageObject","@id":"https:\/\/ingelco.com.ar\/#primaryimage","inLanguage":"es-AR","url":"https:\/\/ingelco.com.ar\/wp-content\/uploads\/2021\/06\/red-informatica-cables1-150x150.jpg","contentUrl":"https:\/\/ingelco.com.ar\/wp-content\/uploads\/2021\/06\/red-informatica-cables1-150x150.jpg","width":150,"height":150},{"@type":"WebPage","@id":"https:\/\/ingelco.com.ar\/#webpage","url":"https:\/\/ingelco.com.ar\/","name":"Home - Ingelco","isPartOf":{"@id":"https:\/\/ingelco.com.ar\/#website"},"primaryImageOfPage":{"@id":"https:\/\/ingelco.com.ar\/#primaryimage"},"datePublished":"2021-06-15T22:31:47+00:00","dateModified":"2021-07-21T00:12:38+00:00","breadcrumb":{"@id":"https:\/\/ingelco.com.ar\/#breadcrumb"},"inLanguage":"es-AR","potentialAction":[{"@type":"ReadAction","target":["https:\/\/ingelco.com.ar\/"]}]},{"@type":"BreadcrumbList","@id":"https:\/\/ingelco.com.ar\/#breadcrumb","itemListElement":[{"@type":"ListItem","position":1,"name":"Inicio","item":"https:\/\/ingelco.com.ar\/"},{"@type":"ListItem","position":2,"name":"Home"}]}]}},"_links":{"self":[{"href":"https:\/\/ingelco.com.ar\/index.php\/wp-json\/wp\/v2\/pages\/13","targetHints":{"allow":["GET"]}}],"collection":[{"href":"https:\/\/ingelco.com.ar\/index.php\/wp-json\/wp\/v2\/pages"}],"about":[{"href":"https:\/\/ingelco.com.ar\/index.php\/wp-json\/wp\/v2\/types\/page"}],"author":[{"embeddable":true,"href":"https:\/\/ingelco.com.ar\/index.php\/wp-json\/wp\/v2\/users\/1"}],"replies":[{"embeddable":true,"href":"https:\/\/ingelco.com.ar\/index.php\/wp-json\/wp\/v2\/comments?post=13"}],"version-history":[{"count":20,"href":"https:\/\/ingelco.com.ar\/index.php\/wp-json\/wp\/v2\/pages\/13\/revisions"}],"predecessor-version":[{"id":527,"href":"https:\/\/ingelco.com.ar\/index.php\/wp-json\/wp\/v2\/pages\/13\/revisions\/527"}],"wp:featuredmedia":[{"embeddable":true,"href":"https:\/\/ingelco.com.ar\/index.php\/wp-json\/wp\/v2\/media\/198"}],"wp:attachment":[{"href":"https:\/\/ingelco.com.ar\/index.php\/wp-json\/wp\/v2\/media?parent=13"}],"curies":[{"name":"wp","href":"https:\/\/api.w.org\/{rel}","templated":true}]}}